{"id":96,"date":"2023-12-02T22:11:36","date_gmt":"2023-12-02T22:11:36","guid":{"rendered":"https:\/\/ferti.fit\/?page_id=96"},"modified":"2023-12-06T16:56:26","modified_gmt":"2023-12-06T16:56:26","slug":"over-fertifit","status":"publish","type":"page","link":"https:\/\/ferti.fit\/index.php\/over-fertifit\/","title":{"rendered":"Over FertiFit"},"content":{"rendered":"\n<p style=\"font-size:clamp(0.875em, 0.875rem + ((1vw - 0.2em) * 0.256), 1em);\">Welkom! Ik ben Charlotte (Lotte), samen met mijn partner heb ik FertiFit opgezet. In mijn 7 jaar als fertiliteitsarts heb ik duizenden mensen met vruchtbaarheidsproblemen geholpen. Uit deze gesprekken komen een paar grote thema\u2019s naar voren:<\/p>\n\n\n\n<ul>\n<li>Ondanks dat mensen pas na een jaar \u201cproberen\u201d worden verwezen, zie ik regelmatig gemiste mogelijkheden om de kans op zwangerschap vanaf dag \u00e9\u00e9n te maximaliseren<\/li>\n\n\n\n<li>Vaak is er meer behoefte aan hulp, uitleg en begeleiding dan de reguliere zorg kan bieden<\/li>\n\n\n\n<li>Winst is te behalen door al v\u00f3\u00f3r de actieve kinderwens goed ge\u00efnformeerd te zijn<\/li>\n<\/ul>\n\n\n\n<p>Wij geloven dat iedereen met een kinderwens baat heeft bij goede begeleiding, en dat dit niet altijd voldoende, of vroeg genoeg gebeurt. Om die mogelijkheid te bieden, is FertiFit opgericht.<\/p>\n\n\n\n<p><br><strong>Waarom FertifFit: onze visie<br><\/strong>Als fertiliteitsarts span ik mij al dagelijks in om de kans op toekomstig ouderschap te maximaliseren. In een fertiliteitscentrum doe ik dit pas als zwanger worden al een tijd niet lukt, en dit al gepaard gaat met veel onzekerheid en onbekendheden.\u00a0<br>Met FertiFit leggen wij de nadruk op het voork\u00f3men daarvan, door mensen persoonlijk te begeleiden bij:<\/p>\n\n\n\n<ul>\n<li>Goed voorbereid en ge\u00efnformeerd starten van jouw conceptie-avontuur.<\/li>\n\n\n\n<li>Optimaal benutten van je kansen op spontane conceptie.<\/li>\n\n\n\n<li>Voorkomen van onnodige vertraging door vroegtijdige herkenning van een mogelijke medische indicatie.<\/li>\n<\/ul>\n\n\n\n<p><br><strong>Wat wij (nu) bieden<br><\/strong>FertiFit biedt deskundige begeleiding v\u00f3\u00f3r of tijdens het actief nastreven van jouw kinderwens. Iedere aanmelding begint met een uitgebreide intake en ontvang je een op maat gemaakt plan van aanpak om de kansen op bevruchting te optimaliseren. Bij FertiFit staat jouw individuele context centraal, met een evidence-based aanpak die relevant en nauwkeurig is.<\/p>\n\n\n\n<p><br>Momenteel bieden we nieuwe cli\u00ebnten adviesgesprekken van \u00e9\u00e9n uur aan, inclusief (digitale) intake en een persoonlijk fertiliteitsplan.<\/p>\n\n\n\n<p><br>In de toekomst streven we naar uitbreiding van ons aanbod met groeps- en themagesprekken, en diverse hulpmiddelen, begeleiding en screenings. Wij zijn toegewijd aan het ondersteunen van jouw reis naar het ouderschap met zorgvuldig afgestemde begeleiding en persoonlijke aandacht.<\/p>\n","protected":false},"excerpt":{"rendered":"<p>Welkom! Ik ben Charlotte (Lotte), samen met mijn partner heb ik FertiFit opgezet. In mijn 7 jaar als fertiliteitsarts heb ik duizenden mensen met vruchtbaarheidsproblemen geholpen. Uit deze gesprekken komen een paar grote thema\u2019s naar voren: Wij geloven dat iedereen met een kinderwens baat heeft bij goede begeleiding, en dat dit niet altijd voldoende, of [&hellip;]<\/p>\n","protected":false},"author":1,"featured_media":97,"parent":0,"menu_order":0,"comment_status":"closed","ping_status":"closed","template":"","meta":{"footnotes":""},"_links":{"self":[{"href":"https:\/\/ferti.fit\/index.php\/wp-json\/wp\/v2\/pages\/96"}],"collection":[{"href":"https:\/\/ferti.fit\/index.php\/wp-json\/wp\/v2\/pages"}],"about":[{"href":"https:\/\/ferti.fit\/index.php\/wp-json\/wp\/v2\/types\/page"}],"author":[{"embeddable":true,"href":"https:\/\/ferti.fit\/index.php\/wp-json\/wp\/v2\/users\/1"}],"replies":[{"embeddable":true,"href":"https:\/\/ferti.fit\/index.php\/wp-json\/wp\/v2\/comments?post=96"}],"version-history":[{"count":18,"href":"https:\/\/ferti.fit\/index.php\/wp-json\/wp\/v2\/pages\/96\/revisions"}],"predecessor-version":[{"id":254,"href":"https:\/\/ferti.fit\/index.php\/wp-json\/wp\/v2\/pages\/96\/revisions\/254"}],"wp:featuredmedia":[{"embeddable":true,"href":"https:\/\/ferti.fit\/index.php\/wp-json\/wp\/v2\/media\/97"}],"wp:attachment":[{"href":"https:\/\/ferti.fit\/index.php\/wp-json\/wp\/v2\/media?parent=96"}],"curies":[{"name":"wp","href":"https:\/\/api.w.org\/{rel}","templated":true}]}}